{"id":2,"date":"2025-12-01T22:15:05","date_gmt":"2025-12-01T21:15:05","guid":{"rendered":"http:\/\/www.sygnatariusze.loc\/?page_id=2"},"modified":"2025-12-17T21:26:57","modified_gmt":"2025-12-17T20:26:57","slug":"dolacz-do-paktu-dla-polskiego-przemyslu","status":"publish","type":"page","link":"https:\/\/www.paktdlaprzemyslu.pl\/","title":{"rendered":"Do\u0142\u0105cz do paktu dla polskiego przemys\u0142u"},"content":{"rendered":"","protected":false},"excerpt":{"rendered":"","protected":false},"author":1,"featured_media":0,"parent":0,"menu_order":0,"comment_status":"closed","ping_status":"open","template":"","meta":{"_acf_changed":false,"footnotes":""},"class_list":["post-2","page","type-page","status-publish","hentry"],"acf":[],"yoast_head":"<!-- This site is optimized with the Yoast SEO plugin v26.6 - https:\/\/yoast.com\/wordpress\/plugins\/seo\/ -->\n<title>Do\u0142\u0105cz do paktu dla polskiego przemys\u0142u<\/title>\n<meta name=\"description\" content=\"Polskie firmy, stowarzyszenia i organizacje bran\u017cowe apeluj\u0105 o wsparcie krajowego przemys\u0142u. Do\u0142\u0105cz do nich!\" \/>\n<meta name=\"robots\" content=\"index, follow, max-snippet:-1, max-image-preview:large, max-video-preview:-1\" \/>\n<link rel=\"canonical\" href=\"https:\/\/www.paktdlaprzemyslu.pl\/\" \/>\n<meta property=\"og:locale\" content=\"pl_PL\" \/>\n<meta property=\"og:type\" content=\"article\" \/>\n<meta property=\"og:title\" content=\"Do\u0142\u0105cz do paktu dla polskiego przemys\u0142u\" \/>\n<meta property=\"og:description\" content=\"Polskie firmy, stowarzyszenia i organizacje bran\u017cowe apeluj\u0105 o wsparcie krajowego przemys\u0142u. Do\u0142\u0105cz do nich!\" \/>\n<meta property=\"og:url\" content=\"https:\/\/www.paktdlaprzemyslu.pl\/\" \/>\n<meta property=\"og:site_name\" content=\"sygnatariusze\" \/>\n<meta property=\"article:modified_time\" content=\"2025-12-17T20:26:57+00:00\" \/>\n<meta property=\"og:image\" content=\"https:\/\/www.paktdlaprzemyslu.pl\/wp-content\/uploads\/2025\/12\/iStock-184669718-1024x678.jpg\" \/>\n\t<meta property=\"og:image:width\" content=\"1024\" \/>\n\t<meta property=\"og:image:height\" content=\"678\" \/>\n\t<meta property=\"og:image:type\" content=\"image\/jpeg\" \/>\n<meta name=\"twitter:card\" content=\"summary_large_image\" \/>\n<script type=\"application\/ld+json\" class=\"yoast-schema-graph\">{\"@context\":\"https:\/\/schema.org\",\"@graph\":[{\"@type\":\"WebPage\",\"@id\":\"https:\/\/www.paktdlaprzemyslu.pl\/\",\"url\":\"https:\/\/www.paktdlaprzemyslu.pl\/\",\"name\":\"Do\u0142\u0105cz do paktu dla polskiego przemys\u0142u\",\"isPartOf\":{\"@id\":\"https:\/\/www.paktdlaprzemyslu.pl\/#website\"},\"datePublished\":\"2025-12-01T21:15:05+00:00\",\"dateModified\":\"2025-12-17T20:26:57+00:00\",\"description\":\"Polskie firmy, stowarzyszenia i organizacje bran\u017cowe apeluj\u0105 o wsparcie krajowego przemys\u0142u. Do\u0142\u0105cz do nich!\",\"breadcrumb\":{\"@id\":\"https:\/\/www.paktdlaprzemyslu.pl\/#breadcrumb\"},\"inLanguage\":\"pl-PL\",\"potentialAction\":[{\"@type\":\"ReadAction\",\"target\":[\"https:\/\/www.paktdlaprzemyslu.pl\/\"]}]},{\"@type\":\"BreadcrumbList\",\"@id\":\"https:\/\/www.paktdlaprzemyslu.pl\/#breadcrumb\",\"itemListElement\":[{\"@type\":\"ListItem\",\"position\":1,\"name\":\"Strona g\u0142\u00f3wna\",\"item\":\"https:\/\/www.paktdlaprzemyslu.pl\/\"},{\"@type\":\"ListItem\",\"position\":2,\"name\":\"Do\u0142\u0105cz do paktu dla polskiego przemys\u0142u\"}]},{\"@type\":\"WebSite\",\"@id\":\"https:\/\/www.paktdlaprzemyslu.pl\/#website\",\"url\":\"https:\/\/www.paktdlaprzemyslu.pl\/\",\"name\":\"pakt dla przemyslu\",\"description\":\"\",\"potentialAction\":[{\"@type\":\"SearchAction\",\"target\":{\"@type\":\"EntryPoint\",\"urlTemplate\":\"https:\/\/www.paktdlaprzemyslu.pl\/?s={search_term_string}\"},\"query-input\":{\"@type\":\"PropertyValueSpecification\",\"valueRequired\":true,\"valueName\":\"search_term_string\"}}],\"inLanguage\":\"pl-PL\"}]}<\/script>\n<!-- \/ Yoast SEO plugin. -->","yoast_head_json":{"title":"Do\u0142\u0105cz do paktu dla polskiego przemys\u0142u","description":"Polskie firmy, stowarzyszenia i organizacje bran\u017cowe apeluj\u0105 o wsparcie krajowego przemys\u0142u. Do\u0142\u0105cz do nich!","robots":{"index":"index","follow":"follow","max-snippet":"max-snippet:-1","max-image-preview":"max-image-preview:large","max-video-preview":"max-video-preview:-1"},"canonical":"https:\/\/www.paktdlaprzemyslu.pl\/","og_locale":"pl_PL","og_type":"article","og_title":"Do\u0142\u0105cz do paktu dla polskiego przemys\u0142u","og_description":"Polskie firmy, stowarzyszenia i organizacje bran\u017cowe apeluj\u0105 o wsparcie krajowego przemys\u0142u. Do\u0142\u0105cz do nich!","og_url":"https:\/\/www.paktdlaprzemyslu.pl\/","og_site_name":"sygnatariusze","article_modified_time":"2025-12-17T20:26:57+00:00","og_image":[{"width":1024,"height":678,"url":"https:\/\/www.paktdlaprzemyslu.pl\/wp-content\/uploads\/2025\/12\/iStock-184669718-1024x678.jpg","type":"image\/jpeg"}],"twitter_card":"summary_large_image","schema":{"@context":"https:\/\/schema.org","@graph":[{"@type":"WebPage","@id":"https:\/\/www.paktdlaprzemyslu.pl\/","url":"https:\/\/www.paktdlaprzemyslu.pl\/","name":"Do\u0142\u0105cz do paktu dla polskiego przemys\u0142u","isPartOf":{"@id":"https:\/\/www.paktdlaprzemyslu.pl\/#website"},"datePublished":"2025-12-01T21:15:05+00:00","dateModified":"2025-12-17T20:26:57+00:00","description":"Polskie firmy, stowarzyszenia i organizacje bran\u017cowe apeluj\u0105 o wsparcie krajowego przemys\u0142u. Do\u0142\u0105cz do nich!","breadcrumb":{"@id":"https:\/\/www.paktdlaprzemyslu.pl\/#breadcrumb"},"inLanguage":"pl-PL","potentialAction":[{"@type":"ReadAction","target":["https:\/\/www.paktdlaprzemyslu.pl\/"]}]},{"@type":"BreadcrumbList","@id":"https:\/\/www.paktdlaprzemyslu.pl\/#breadcrumb","itemListElement":[{"@type":"ListItem","position":1,"name":"Strona g\u0142\u00f3wna","item":"https:\/\/www.paktdlaprzemyslu.pl\/"},{"@type":"ListItem","position":2,"name":"Do\u0142\u0105cz do paktu dla polskiego przemys\u0142u"}]},{"@type":"WebSite","@id":"https:\/\/www.paktdlaprzemyslu.pl\/#website","url":"https:\/\/www.paktdlaprzemyslu.pl\/","name":"pakt dla przemyslu","description":"","potentialAction":[{"@type":"SearchAction","target":{"@type":"EntryPoint","urlTemplate":"https:\/\/www.paktdlaprzemyslu.pl\/?s={search_term_string}"},"query-input":{"@type":"PropertyValueSpecification","valueRequired":true,"valueName":"search_term_string"}}],"inLanguage":"pl-PL"}]}},"_links":{"self":[{"href":"https:\/\/www.paktdlaprzemyslu.pl\/index.php?rest_route=\/wp\/v2\/pages\/2","targetHints":{"allow":["GET"]}}],"collection":[{"href":"https:\/\/www.paktdlaprzemyslu.pl\/index.php?rest_route=\/wp\/v2\/pages"}],"about":[{"href":"https:\/\/www.paktdlaprzemyslu.pl\/index.php?rest_route=\/wp\/v2\/types\/page"}],"author":[{"embeddable":true,"href":"https:\/\/www.paktdlaprzemyslu.pl\/index.php?rest_route=\/wp\/v2\/users\/1"}],"replies":[{"embeddable":true,"href":"https:\/\/www.paktdlaprzemyslu.pl\/index.php?rest_route=%2Fwp%2Fv2%2Fcomments&post=2"}],"version-history":[{"count":10,"href":"https:\/\/www.paktdlaprzemyslu.pl\/index.php?rest_route=\/wp\/v2\/pages\/2\/revisions"}],"predecessor-version":[{"id":140,"href":"https:\/\/www.paktdlaprzemyslu.pl\/index.php?rest_route=\/wp\/v2\/pages\/2\/revisions\/140"}],"wp:attachment":[{"href":"https:\/\/www.paktdlaprzemyslu.pl\/index.php?rest_route=%2Fwp%2Fv2%2Fmedia&parent=2"}],"curies":[{"name":"wp","href":"https:\/\/api.w.org\/{rel}","templated":true}]}}